{"id":23,"date":"2016-09-21T18:56:30","date_gmt":"2016-09-21T18:56:30","guid":{"rendered":"http:\/\/gbp.rojewo.pl\/?page_id=23"},"modified":"2016-09-21T20:36:41","modified_gmt":"2016-09-21T20:36:41","slug":"gminna-biblioteka-publiczna-w-rojewie-filia-w-rojewicach","status":"publish","type":"page","link":"http:\/\/gbp.rojewo.pl\/?page_id=23","title":{"rendered":"Gminna Biblioteka Publiczna w Rojewie Filia w Rojewicach (Rojewice 28)"},"content":{"rendered":"<div class=\"entry\">\n<p>Tel. 52 3512591<\/p>\n<p><span style=\"line-height: 22.3999996185303px;\">88-111 Rojewo<\/span><\/p>\n<p>Powierzchnia pomieszcze\u0144 bibliotecznych &#8211; 57 m2<br \/>\nLiczba miejsc dla czytelnik\u00f3w &#8211; 10<br \/>\nPracownicy biblioteki &#8211; 1 osoba z wykszta\u0142ceniem wy\u017cszym bibliotekarskim<\/p>\n<div>Godziny otwarcia biblioteki:<\/div>\n<table style=\"height: 160px;\" border=\"1\" width=\"292\" cellspacing=\"0\" cellpadding=\"4\">\n<colgroup>\n<col width=\"129\" \/>\n<col width=\"117\" \/><\/colgroup>\n<tbody>\n<tr valign=\"TOP\">\n<td style=\"width: 110px;\">\n<div>\u015aroda<\/div>\n<\/td>\n<td style=\"width: 94.444450378418px;\">\n<div>8:00 \u2013 16:00<\/div>\n<\/td>\n<\/tr>\n<tr valign=\"TOP\">\n<td style=\"width: 110px;\">\n<div>Czwartek<\/div>\n<\/td>\n<td style=\"width: 94.444450378418px;\">\n<div>9:00 \u2013 17:00<\/div>\n<\/td>\n<\/tr>\n<tr valign=\"TOP\">\n<td style=\"width: 110px;\">\n<div>Pi\u0105tek<\/div>\n<\/td>\n<td style=\"width: 94.444450378418px;\">\n<div>9:00 &#8211; 17:00<\/div>\n<\/td>\n<\/tr>\n<\/tbody>\n<\/table>\n<\/div>\n","protected":false},"excerpt":{"rendered":"<p>Tel. 52 3512591 88-111 Rojewo Powierzchnia pomieszcze\u0144 bibliotecznych &#8211; 57 m2 Liczba miejsc dla czytelnik\u00f3w &#8211; 10 Pracownicy biblioteki &#8211; 1 osoba z wykszta\u0142ceniem wy\u017cszym bibliotekarskim Godziny otwarcia biblioteki: \u015aroda 8:00 \u2013 16:00 Czwartek 9:00 \u2013 17:00 Pi\u0105tek 9:00 &#8211; 17:00<\/p>\n","protected":false},"author":1,"featured_media":0,"parent":0,"menu_order":0,"comment_status":"closed","ping_status":"closed","template":"","meta":{"footnotes":""},"class_list":["post-23","page","type-page","status-publish"],"_links":{"self":[{"href":"http:\/\/gbp.rojewo.pl\/index.php?rest_route=\/wp\/v2\/pages\/23","targetHints":{"allow":["GET"]}}],"collection":[{"href":"http:\/\/gbp.rojewo.pl\/index.php?rest_route=\/wp\/v2\/pages"}],"about":[{"href":"http:\/\/gbp.rojewo.pl\/index.php?rest_route=\/wp\/v2\/types\/page"}],"author":[{"embeddable":true,"href":"http:\/\/gbp.rojewo.pl\/index.php?rest_route=\/wp\/v2\/users\/1"}],"replies":[{"embeddable":true,"href":"http:\/\/gbp.rojewo.pl\/index.php?rest_route=%2Fwp%2Fv2%2Fcomments&post=23"}],"version-history":[{"count":2,"href":"http:\/\/gbp.rojewo.pl\/index.php?rest_route=\/wp\/v2\/pages\/23\/revisions"}],"predecessor-version":[{"id":25,"href":"http:\/\/gbp.rojewo.pl\/index.php?rest_route=\/wp\/v2\/pages\/23\/revisions\/25"}],"wp:attachment":[{"href":"http:\/\/gbp.rojewo.pl\/index.php?rest_route=%2Fwp%2Fv2%2Fmedia&parent=23"}],"curies":[{"name":"wp","href":"https:\/\/api.w.org\/{rel}","templated":true}]}}